{"id":2367,"date":"2024-02-27T11:10:02","date_gmt":"2024-02-27T11:10:02","guid":{"rendered":"https:\/\/noahbizer.de\/?page_id=2367"},"modified":"2025-08-22T10:36:37","modified_gmt":"2025-08-22T10:36:37","slug":"impressum","status":"publish","type":"page","link":"https:\/\/noahbizer.de\/en\/impressum\/","title":{"rendered":"IMPRINT"},"content":{"rendered":"<div data-elementor-type=\"wp-page\" data-elementor-id=\"2367\" class=\"elementor elementor-2367\">\n\t\t\t\t<div class=\"elementor-element elementor-element-3dfcc58 e-flex e-con-boxed e-con e-parent\" data-id=\"3dfcc58\" data-element_type=\"container\" data-e-type=\"container\">\n\t\t\t\t\t<div class=\"e-con-inner\">\n\t\t\t\t<div class=\"elementor-element elementor-element-cecca90 elementor-widget elementor-widget-spacer\" data-id=\"cecca90\" data-element_type=\"widget\" data-e-type=\"widget\" data-widget_type=\"spacer.default\">\n\t\t\t\t<div class=\"elementor-widget-container\">\n\t\t\t\t\t\t\t<div class=\"elementor-spacer\">\n\t\t\t<div class=\"elementor-spacer-inner\"><\/div>\n\t\t<\/div>\n\t\t\t\t\t\t<\/div>\n\t\t\t\t<\/div>\n\t\t\t\t\t<\/div>\n\t\t\t\t<\/div>\n\t\t<div class=\"elementor-element elementor-element-0b7c560 e-flex e-con-boxed e-con e-parent\" data-id=\"0b7c560\" data-element_type=\"container\" data-e-type=\"container\" data-settings=\"{&quot;background_background&quot;:&quot;classic&quot;}\">\n\t\t\t\t\t<div class=\"e-con-inner\">\n\t\t\t\t<div class=\"elementor-element elementor-element-009dce2 elementor-widget elementor-widget-heading\" data-id=\"009dce2\" data-element_type=\"widget\" data-e-type=\"widget\" data-widget_type=\"heading.default\">\n\t\t\t\t<div class=\"elementor-widget-container\">\n\t\t\t\t\t<h2 class=\"elementor-heading-title elementor-size-default\">IMPRINT<\/h2>\t\t\t\t<\/div>\n\t\t\t\t<\/div>\n\t\t\t\t<div class=\"elementor-element elementor-element-7c20baa elementor-widget elementor-widget-text-editor\" data-id=\"7c20baa\" data-element_type=\"widget\" data-e-type=\"widget\" data-widget_type=\"text-editor.default\">\n\t\t\t\t<div class=\"elementor-widget-container\">\n\t\t\t\t\t\t\t\t\t<p class=\"has-large-font-size\"><strong>Information according to \u00a7 5 TMG (German Telemedia Act)<\/strong><\/p><p>Noah Bizer<\/p><p>Photographer<\/p><p>Kedenburgstra\u00dfe 42<\/p><p>22041 Hamburg<\/p><p class=\"has-large-font-size\"><strong>Contact<\/strong><\/p><p>Phone: +49 17664931547<\/p><p>E-mail: photography@noahbizer.de<\/p><p class=\"has-large-font-size\"><strong>Occupation and Professional Regulations<\/strong><\/p><p>Occupation: Photographer<\/p><p>Responsible Chamber:<\/p><p>Hamburg Chamber of Crafts<\/p><p>Holstenwall 12<\/p><p>20355 Hamburg<\/p><p>Granted in: Germany<\/p><p class=\"has-large-font-size\"><strong>Liability for Content<\/strong><\/p><p>All content on our website has been created with the utmost care and to the best of our knowledge. However, we cannot guarantee the accuracy, completeness, and timeliness of the content. As a service provider, we are responsible for our own content on these pages in accordance with \u00a7 7, para. 1 of the German Telemedia Act (TMG) and general laws.<\/p><p>According to \u00a7\u00a7 8 to 10 of the TMG, we are not obligated as a service provider to monitor transmitted or stored third-party information or to investigate circumstances that indicate unlawful activity. Obligations to remove or block the use of information under general laws remain unaffected by this.<\/p><p>Liability in this regard is only possible from the point in time at which we become aware of a specific legal violation. Upon becoming aware of such legal violations, we will promptly remove the content in question.<\/p><p>\u00a0<\/p><p class=\"has-large-font-size\"><strong>Consumer Dispute Resolution\/Universal Arbitration Board<\/strong><\/p><p>We are not willing or obligated to participate in dispute resolution procedures before a consumer arbitration board.<\/p><p>Source: <a href=\"https:\/\/www.e-recht24.de\/\">https:\/\/www.e-recht24.de<\/a><\/p>\t\t\t\t\t\t\t\t<\/div>\n\t\t\t\t<\/div>\n\t\t\t\t<div class=\"elementor-element elementor-element-ee4d91f elementor-widget__width-initial elementor-widget elementor-widget-image\" data-id=\"ee4d91f\" data-element_type=\"widget\" data-e-type=\"widget\" data-widget_type=\"image.default\">\n\t\t\t\t<div class=\"elementor-widget-container\">\n\t\t\t\t\t\t\t\t\t\t\t\t\t\t\t<img fetchpriority=\"high\" decoding=\"async\" width=\"1000\" height=\"1000\" src=\"https:\/\/noahbizer.de\/wp-content\/uploads\/2024\/02\/Logo-NB-Photography.png\" class=\"attachment-full size-full wp-image-2148\" alt=\"Logo Noah Bizer Photography dunkel\" srcset=\"https:\/\/noahbizer.de\/wp-content\/uploads\/2024\/02\/Logo-NB-Photography.png 1000w, https:\/\/noahbizer.de\/wp-content\/uploads\/2024\/02\/Logo-NB-Photography-300x300.png 300w, https:\/\/noahbizer.de\/wp-content\/uploads\/2024\/02\/Logo-NB-Photography-150x150.png 150w, https:\/\/noahbizer.de\/wp-content\/uploads\/2024\/02\/Logo-NB-Photography-768x768.png 768w, https:\/\/noahbizer.de\/wp-content\/uploads\/2024\/02\/Logo-NB-Photography-12x12.png 12w, https:\/\/noahbizer.de\/wp-content\/uploads\/2024\/02\/Logo-NB-Photography-600x600.png 600w\" sizes=\"(max-width: 1000px) 100vw, 1000px\" \/>\t\t\t\t\t\t\t\t\t\t\t\t\t\t\t<\/div>\n\t\t\t\t<\/div>\n\t\t\t\t\t<\/div>\n\t\t\t\t<\/div>\n\t\t<div class=\"elementor-element elementor-element-41230449 e-flex e-con-boxed e-con e-parent\" data-id=\"41230449\" data-element_type=\"container\" data-e-type=\"container\" data-settings=\"{&quot;background_background&quot;:&quot;classic&quot;}\">\n\t\t\t\t\t<div class=\"e-con-inner\">\n\t\t<div class=\"elementor-element elementor-element-669c622e e-con-full e-flex e-con e-child\" data-id=\"669c622e\" data-element_type=\"container\" data-e-type=\"container\">\n\t\t\t\t<div class=\"elementor-element elementor-element-478d792c elementor-widget elementor-widget-heading\" data-id=\"478d792c\" data-element_type=\"widget\" data-e-type=\"widget\" data-widget_type=\"heading.default\">\n\t\t\t\t<div class=\"elementor-widget-container\">\n\t\t\t\t\t<h6 class=\"elementor-heading-title elementor-size-default\">GET IN CONTACT WITH ME<\/h6>\t\t\t\t<\/div>\n\t\t\t\t<\/div>\n\t\t\t\t<div class=\"elementor-element elementor-element-4e6d02e6 elementor-widget elementor-widget-heading\" data-id=\"4e6d02e6\" data-element_type=\"widget\" data-e-type=\"widget\" data-widget_type=\"heading.default\">\n\t\t\t\t<div class=\"elementor-widget-container\">\n\t\t\t\t\t<h6 class=\"elementor-heading-title elementor-size-default\">LET'S CREATE TOGETHER<\/h6>\t\t\t\t<\/div>\n\t\t\t\t<\/div>\n\t\t\t\t<div class=\"elementor-element elementor-element-77762f46 elementor-widget__width-auto elementor-widget elementor-widget-image\" data-id=\"77762f46\" data-element_type=\"widget\" data-e-type=\"widget\" data-widget_type=\"image.default\">\n\t\t\t\t<div class=\"elementor-widget-container\">\n\t\t\t\t\t\t\t\t\t\t\t\t\t\t\t<img decoding=\"async\" width=\"1000\" height=\"1003\" src=\"https:\/\/noahbizer.de\/wp-content\/uploads\/2022\/11\/Logo-NB-Photography_neg-2-100x100.png\" class=\"attachment-full size-full wp-image-264\" alt=\"Noah Bizer NB Photography Logo\" srcset=\"https:\/\/noahbizer.de\/wp-content\/uploads\/2022\/11\/Logo-NB-Photography_neg-2.png 1000w, https:\/\/noahbizer.de\/wp-content\/uploads\/2022\/11\/Logo-NB-Photography_neg-2-300x300.png 300w, https:\/\/noahbizer.de\/wp-content\/uploads\/2022\/11\/Logo-NB-Photography_neg-2-150x150.png 150w, https:\/\/noahbizer.de\/wp-content\/uploads\/2022\/11\/Logo-NB-Photography_neg-2-768x770.png 768w, https:\/\/noahbizer.de\/wp-content\/uploads\/2022\/11\/Logo-NB-Photography_neg-2-12x12.png 12w, https:\/\/noahbizer.de\/wp-content\/uploads\/2022\/11\/Logo-NB-Photography_neg-2-100x100.png 100w\" sizes=\"(max-width: 1000px) 100vw, 1000px\" \/>\t\t\t\t\t\t\t\t\t\t\t\t\t\t\t<\/div>\n\t\t\t\t<\/div>\n\t\t\t\t<div class=\"elementor-element elementor-element-7a25553f elementor-widget elementor-widget-heading\" data-id=\"7a25553f\" data-element_type=\"widget\" data-e-type=\"widget\" data-widget_type=\"heading.default\">\n\t\t\t\t<div class=\"elementor-widget-container\">\n\t\t\t\t\t<h5 class=\"elementor-heading-title elementor-size-default\">NOAH BIZER<\/h5>\t\t\t\t<\/div>\n\t\t\t\t<\/div>\n\t\t\t\t<div class=\"elementor-element elementor-element-17e241d5 elementor-align-center elementor-widget elementor-widget-button\" data-id=\"17e241d5\" data-element_type=\"widget\" data-e-type=\"widget\" data-widget_type=\"button.default\">\n\t\t\t\t<div class=\"elementor-widget-container\">\n\t\t\t\t\t\t\t\t\t<div class=\"elementor-button-wrapper\">\n\t\t\t\t\t<a class=\"elementor-button elementor-button-link elementor-size-lg\" href=\"https:\/\/noahbizer.de\/en\/kontakt\/\">\n\t\t\t\t\t\t<span class=\"elementor-button-content-wrapper\">\n\t\t\t\t\t\t\t\t\t<span class=\"elementor-button-text\">Work with me<\/span>\n\t\t\t\t\t<\/span>\n\t\t\t\t\t<\/a>\n\t\t\t\t<\/div>\n\t\t\t\t\t\t\t\t<\/div>\n\t\t\t\t<\/div>\n\t\t\t\t<\/div>\n\t\t\t\t\t<\/div>\n\t\t\t\t<\/div>\n\t\t\t\t<\/div>","protected":false},"excerpt":{"rendered":"<p>IMPRESSUM Angaben gem\u00e4\u00df \u00a7 5 TMG Noah Bizer Fotograf Kedenburgstra\u00dfe 42 22041 Hamburg Kontakt Handy: +49 17664931547 E-mail: photography@noahbizer.de Berufsbezeichnung und berufsrechtliche Regelungen Berufsbezeichnung: Fotograf Zust\u00e4ndige Kammer: Handwerkskammer Hamburg Holstenwall 12 20355 Hamburg Verliehen in: Deutschland Haftung f\u00fcr Inhalte Alle Inhalte auf unserer Website wurden mit gr\u00f6\u00dfter Sorgfalt und nach bestem Wissen erstellt. F\u00fcr die [&hellip;]<\/p>\n","protected":false},"author":1,"featured_media":2148,"parent":0,"menu_order":0,"comment_status":"closed","ping_status":"closed","template":"","meta":{"site-sidebar-layout":"no-sidebar","site-content-layout":"page-builder","ast-site-content-layout":"full-width-container","site-content-style":"unboxed","site-sidebar-style":"unboxed","ast-global-header-display":"","ast-banner-title-visibility":"","ast-main-header-display":"","ast-hfb-above-header-display":"","ast-hfb-below-header-display":"","ast-hfb-mobile-header-display":"","site-post-title":"disabled","ast-breadcrumbs-content":"","ast-featured-img":"disabled","footer-sml-layout":"","ast-disable-related-posts":"","theme-transparent-header-meta":"","adv-header-id-meta":"","stick-header-meta":"","header-above-stick-meta":"","header-main-stick-meta":"","header-below-stick-meta":"","astra-migrate-meta-layouts":"set","ast-page-background-enabled":"default","ast-page-background-meta":{"desktop":{"background-color":"","background-image":"","background-repeat":"repeat","background-position":"center center","background-size":"auto","background-attachment":"scroll","background-type":"","background-media":"","overlay-type":"","overlay-color":"","overlay-opacity":"","overlay-gradient":""},"tablet":{"background-color":"","background-image":"","background-repeat":"repeat","background-position":"center center","background-size":"auto","background-attachment":"scroll","background-type":"","background-media":"","overlay-type":"","overlay-color":"","overlay-opacity":"","overlay-gradient":""},"mobile":{"background-color":"","background-image":"","background-repeat":"repeat","background-position":"center center","background-size":"auto","background-attachment":"scroll","background-type":"","background-media":"","overlay-type":"","overlay-color":"","overlay-opacity":"","overlay-gradient":""}},"ast-content-background-meta":{"desktop":{"background-color":"var(--ast-global-color-5)","background-image":"","background-repeat":"repeat","background-position":"center center","background-size":"auto","background-attachment":"scroll","background-type":"","background-media":"","overlay-type":"","overlay-color":"","overlay-opacity":"","overlay-gradient":""},"tablet":{"background-color":"var(--ast-global-color-5)","background-image":"","background-repeat":"repeat","background-position":"center center","background-size":"auto","background-attachment":"scroll","background-type":"","background-media":"","overlay-type":"","overlay-color":"","overlay-opacity":"","overlay-gradient":""},"mobile":{"background-color":"var(--ast-global-color-5)","background-image":"","background-repeat":"repeat","background-position":"center center","background-size":"auto","background-attachment":"scroll","background-type":"","background-media":"","overlay-type":"","overlay-color":"","overlay-opacity":"","overlay-gradient":""}},"footnotes":""},"class_list":["post-2367","page","type-page","status-publish","has-post-thumbnail","hentry"],"yoast_head":"<!-- This site is optimized with the Yoast SEO plugin v27.5 - https:\/\/yoast.com\/product\/yoast-seo-wordpress\/ -->\n<title>Impressum - Noah Bizer - NB PHOTOGRAPHY -<\/title>\n<meta name=\"description\" content=\"Das Impressum bietet einen einfachen \u00dcberblick \u00fcber wichtige Informationen zu dieser Website und zum Urheberrecht.\" \/>\n<meta name=\"robots\" content=\"index, follow, max-snippet:-1, max-image-preview:large, max-video-preview:-1\" \/>\n<link rel=\"canonical\" href=\"https:\/\/noahbizer.de\/en\/impressum\/\" \/>\n<meta property=\"og:locale\" content=\"en_US\" \/>\n<meta property=\"og:type\" content=\"article\" \/>\n<meta property=\"og:title\" content=\"Impressum - Noah Bizer - NB PHOTOGRAPHY -\" \/>\n<meta property=\"og:description\" content=\"Das Impressum bietet einen einfachen \u00dcberblick \u00fcber wichtige Informationen zu dieser Website und zum Urheberrecht.\" \/>\n<meta property=\"og:url\" content=\"https:\/\/noahbizer.de\/en\/impressum\/\" \/>\n<meta property=\"og:site_name\" content=\"NB PHOTOGRAPHY\" \/>\n<meta property=\"article:modified_time\" content=\"2025-08-22T10:36:37+00:00\" \/>\n<meta property=\"og:image\" content=\"https:\/\/noahbizer.de\/wp-content\/uploads\/2024\/02\/Logo-NB-Photography.png\" \/>\n\t<meta property=\"og:image:width\" content=\"1000\" \/>\n\t<meta property=\"og:image:height\" content=\"1000\" \/>\n\t<meta property=\"og:image:type\" content=\"image\/png\" \/>\n<meta name=\"twitter:card\" content=\"summary_large_image\" \/>\n<meta name=\"twitter:label1\" content=\"Est. reading time\" \/>\n\t<meta name=\"twitter:data1\" content=\"2 minutes\" \/>\n<script type=\"application\/ld+json\" class=\"yoast-schema-graph\">{\"@context\":\"https:\\\/\\\/schema.org\",\"@graph\":[{\"@type\":\"WebPage\",\"@id\":\"https:\\\/\\\/noahbizer.de\\\/impressum\\\/\",\"url\":\"https:\\\/\\\/noahbizer.de\\\/impressum\\\/\",\"name\":\"Impressum - Noah Bizer - NB PHOTOGRAPHY -\",\"isPartOf\":{\"@id\":\"https:\\\/\\\/noahbizer.de\\\/#website\"},\"primaryImageOfPage\":{\"@id\":\"https:\\\/\\\/noahbizer.de\\\/impressum\\\/#primaryimage\"},\"image\":{\"@id\":\"https:\\\/\\\/noahbizer.de\\\/impressum\\\/#primaryimage\"},\"thumbnailUrl\":\"https:\\\/\\\/noahbizer.de\\\/wp-content\\\/uploads\\\/2024\\\/02\\\/Logo-NB-Photography.png\",\"datePublished\":\"2024-02-27T11:10:02+00:00\",\"dateModified\":\"2025-08-22T10:36:37+00:00\",\"description\":\"Das Impressum bietet einen einfachen \u00dcberblick \u00fcber wichtige Informationen zu dieser Website und zum Urheberrecht.\",\"breadcrumb\":{\"@id\":\"https:\\\/\\\/noahbizer.de\\\/impressum\\\/#breadcrumb\"},\"inLanguage\":\"en-US\",\"potentialAction\":[{\"@type\":\"ReadAction\",\"target\":[\"https:\\\/\\\/noahbizer.de\\\/impressum\\\/\"]}]},{\"@type\":\"ImageObject\",\"inLanguage\":\"en-US\",\"@id\":\"https:\\\/\\\/noahbizer.de\\\/impressum\\\/#primaryimage\",\"url\":\"https:\\\/\\\/noahbizer.de\\\/wp-content\\\/uploads\\\/2024\\\/02\\\/Logo-NB-Photography.png\",\"contentUrl\":\"https:\\\/\\\/noahbizer.de\\\/wp-content\\\/uploads\\\/2024\\\/02\\\/Logo-NB-Photography.png\",\"width\":1000,\"height\":1000,\"caption\":\"Logo Noah Bizer Photography dunkel\"},{\"@type\":\"BreadcrumbList\",\"@id\":\"https:\\\/\\\/noahbizer.de\\\/impressum\\\/#breadcrumb\",\"itemListElement\":[{\"@type\":\"ListItem\",\"position\":1,\"name\":\"Startseite\",\"item\":\"https:\\\/\\\/noahbizer.de\\\/\"},{\"@type\":\"ListItem\",\"position\":2,\"name\":\"Impressum\"}]},{\"@type\":\"WebSite\",\"@id\":\"https:\\\/\\\/noahbizer.de\\\/#website\",\"url\":\"https:\\\/\\\/noahbizer.de\\\/\",\"name\":\"NB PHOTOGRAPHY\",\"description\":\"Noah Bizer - Fotografie - Hamburg Germany\",\"publisher\":{\"@id\":\"https:\\\/\\\/noahbizer.de\\\/#organization\"},\"potentialAction\":[{\"@type\":\"SearchAction\",\"target\":{\"@type\":\"EntryPoint\",\"urlTemplate\":\"https:\\\/\\\/noahbizer.de\\\/?s={search_term_string}\"},\"query-input\":{\"@type\":\"PropertyValueSpecification\",\"valueRequired\":true,\"valueName\":\"search_term_string\"}}],\"inLanguage\":\"en-US\"},{\"@type\":\"Organization\",\"@id\":\"https:\\\/\\\/noahbizer.de\\\/#organization\",\"name\":\"NB Photography\",\"url\":\"https:\\\/\\\/noahbizer.de\\\/\",\"logo\":{\"@type\":\"ImageObject\",\"inLanguage\":\"en-US\",\"@id\":\"https:\\\/\\\/noahbizer.de\\\/#\\\/schema\\\/logo\\\/image\\\/\",\"url\":\"https:\\\/\\\/noahbizer.de\\\/wp-content\\\/uploads\\\/2023\\\/09\\\/Logo-NB-Photography.png\",\"contentUrl\":\"https:\\\/\\\/noahbizer.de\\\/wp-content\\\/uploads\\\/2023\\\/09\\\/Logo-NB-Photography.png\",\"width\":1000,\"height\":1000,\"caption\":\"NB Photography\"},\"image\":{\"@id\":\"https:\\\/\\\/noahbizer.de\\\/#\\\/schema\\\/logo\\\/image\\\/\"},\"sameAs\":[\"https:\\\/\\\/www.instagram.com\\\/noah_bizer\\\/\"]}]}<\/script>\n<!-- \/ Yoast SEO plugin. -->","yoast_head_json":{"title":"Impressum - Noah Bizer - NB PHOTOGRAPHY -","description":"Das Impressum bietet einen einfachen \u00dcberblick \u00fcber wichtige Informationen zu dieser Website und zum Urheberrecht.","robots":{"index":"index","follow":"follow","max-snippet":"max-snippet:-1","max-image-preview":"max-image-preview:large","max-video-preview":"max-video-preview:-1"},"canonical":"https:\/\/noahbizer.de\/en\/impressum\/","og_locale":"en_US","og_type":"article","og_title":"Impressum - Noah Bizer - NB PHOTOGRAPHY -","og_description":"Das Impressum bietet einen einfachen \u00dcberblick \u00fcber wichtige Informationen zu dieser Website und zum Urheberrecht.","og_url":"https:\/\/noahbizer.de\/en\/impressum\/","og_site_name":"NB PHOTOGRAPHY","article_modified_time":"2025-08-22T10:36:37+00:00","og_image":[{"width":1000,"height":1000,"url":"https:\/\/noahbizer.de\/wp-content\/uploads\/2024\/02\/Logo-NB-Photography.png","type":"image\/png"}],"twitter_card":"summary_large_image","twitter_misc":{"Est. reading time":"2 minutes"},"schema":{"@context":"https:\/\/schema.org","@graph":[{"@type":"WebPage","@id":"https:\/\/noahbizer.de\/impressum\/","url":"https:\/\/noahbizer.de\/impressum\/","name":"Impressum - Noah Bizer - NB PHOTOGRAPHY -","isPartOf":{"@id":"https:\/\/noahbizer.de\/#website"},"primaryImageOfPage":{"@id":"https:\/\/noahbizer.de\/impressum\/#primaryimage"},"image":{"@id":"https:\/\/noahbizer.de\/impressum\/#primaryimage"},"thumbnailUrl":"https:\/\/noahbizer.de\/wp-content\/uploads\/2024\/02\/Logo-NB-Photography.png","datePublished":"2024-02-27T11:10:02+00:00","dateModified":"2025-08-22T10:36:37+00:00","description":"Das Impressum bietet einen einfachen \u00dcberblick \u00fcber wichtige Informationen zu dieser Website und zum Urheberrecht.","breadcrumb":{"@id":"https:\/\/noahbizer.de\/impressum\/#breadcrumb"},"inLanguage":"en-US","potentialAction":[{"@type":"ReadAction","target":["https:\/\/noahbizer.de\/impressum\/"]}]},{"@type":"ImageObject","inLanguage":"en-US","@id":"https:\/\/noahbizer.de\/impressum\/#primaryimage","url":"https:\/\/noahbizer.de\/wp-content\/uploads\/2024\/02\/Logo-NB-Photography.png","contentUrl":"https:\/\/noahbizer.de\/wp-content\/uploads\/2024\/02\/Logo-NB-Photography.png","width":1000,"height":1000,"caption":"Logo Noah Bizer Photography dunkel"},{"@type":"BreadcrumbList","@id":"https:\/\/noahbizer.de\/impressum\/#breadcrumb","itemListElement":[{"@type":"ListItem","position":1,"name":"Startseite","item":"https:\/\/noahbizer.de\/"},{"@type":"ListItem","position":2,"name":"Impressum"}]},{"@type":"WebSite","@id":"https:\/\/noahbizer.de\/#website","url":"https:\/\/noahbizer.de\/","name":"NB PHOTOGRAPHY","description":"Noah Bizer - Fotografie - Hamburg Germany","publisher":{"@id":"https:\/\/noahbizer.de\/#organization"},"potentialAction":[{"@type":"SearchAction","target":{"@type":"EntryPoint","urlTemplate":"https:\/\/noahbizer.de\/?s={search_term_string}"},"query-input":{"@type":"PropertyValueSpecification","valueRequired":true,"valueName":"search_term_string"}}],"inLanguage":"en-US"},{"@type":"Organization","@id":"https:\/\/noahbizer.de\/#organization","name":"NB Photography","url":"https:\/\/noahbizer.de\/","logo":{"@type":"ImageObject","inLanguage":"en-US","@id":"https:\/\/noahbizer.de\/#\/schema\/logo\/image\/","url":"https:\/\/noahbizer.de\/wp-content\/uploads\/2023\/09\/Logo-NB-Photography.png","contentUrl":"https:\/\/noahbizer.de\/wp-content\/uploads\/2023\/09\/Logo-NB-Photography.png","width":1000,"height":1000,"caption":"NB Photography"},"image":{"@id":"https:\/\/noahbizer.de\/#\/schema\/logo\/image\/"},"sameAs":["https:\/\/www.instagram.com\/noah_bizer\/"]}]}},"jetpack_sharing_enabled":true,"_links":{"self":[{"href":"https:\/\/noahbizer.de\/en\/wp-json\/wp\/v2\/pages\/2367","targetHints":{"allow":["GET"]}}],"collection":[{"href":"https:\/\/noahbizer.de\/en\/wp-json\/wp\/v2\/pages"}],"about":[{"href":"https:\/\/noahbizer.de\/en\/wp-json\/wp\/v2\/types\/page"}],"author":[{"embeddable":true,"href":"https:\/\/noahbizer.de\/en\/wp-json\/wp\/v2\/users\/1"}],"replies":[{"embeddable":true,"href":"https:\/\/noahbizer.de\/en\/wp-json\/wp\/v2\/comments?post=2367"}],"version-history":[{"count":15,"href":"https:\/\/noahbizer.de\/en\/wp-json\/wp\/v2\/pages\/2367\/revisions"}],"predecessor-version":[{"id":3676,"href":"https:\/\/noahbizer.de\/en\/wp-json\/wp\/v2\/pages\/2367\/revisions\/3676"}],"wp:featuredmedia":[{"embeddable":true,"href":"https:\/\/noahbizer.de\/en\/wp-json\/wp\/v2\/media\/2148"}],"wp:attachment":[{"href":"https:\/\/noahbizer.de\/en\/wp-json\/wp\/v2\/media?parent=2367"}],"curies":[{"name":"wp","href":"https:\/\/api.w.org\/{rel}","templated":true}]}}